{"id":598,"date":"2025-11-17T15:48:20","date_gmt":"2025-11-17T15:48:20","guid":{"rendered":"https:\/\/maisonvincent.ma\/contact\/"},"modified":"2026-02-24T15:43:45","modified_gmt":"2026-02-24T15:43:45","slug":"contact","status":"publish","type":"page","link":"https:\/\/maisonvincent.ma\/en\/contact\/","title":{"rendered":"Contact"},"content":{"rendered":"<div class=\"et_pb_section_0 et_pb_section et_section_regular et_block_section\">\n<div class=\"et_pb_row_0 et_pb_row et_flex_row\">\n<div class=\"et_pb_column_0 et_pb_column et-last-child et_flex_column et_pb_css_mix_blend_mode_passthrough et_flex_column_24_24 et_flex_column_24_24_tablet et_flex_column_24_24_phone\">\n<div class=\"et_pb_text_0 et_pb_text et_pb_bg_layout_light et_pb_module et_flex_module\"><div class=\"et_pb_text_inner\"><h1>Contact<\/h1>\n<\/div><\/div>\n<\/div>\n<\/div>\n\n<div class=\"et_pb_row_1 et_pb_row et_flex_row\">\n<div class=\"et_pb_column_1 et_pb_column et-last-child et_flex_column et_pb_css_mix_blend_mode_passthrough et_flex_column_24_24 et_flex_column_24_24_tablet et_flex_column_24_24_phone\">\n<div class=\"et_pb_image_0 et_pb_image et_pb_module et_flex_module\"><span class=\"et_pb_image_wrap\"><img loading=\"lazy\" decoding=\"async\" src=\"https:\/\/maisonvincent.ma\/wp-content\/uploads\/2025\/11\/cropped-Trio-icones\u2022-maison-vincent.webp\" width=\"512\" height=\"512\" srcset=\"https:\/\/maisonvincent.ma\/wp-content\/uploads\/2025\/11\/cropped-Trio-icones\u2022-maison-vincent.webp 512w, https:\/\/maisonvincent.ma\/wp-content\/uploads\/2025\/11\/cropped-Trio-icones\u2022-maison-vincent-300x300.webp 300w, https:\/\/maisonvincent.ma\/wp-content\/uploads\/2025\/11\/cropped-Trio-icones\u2022-maison-vincent-150x150.webp 150w, https:\/\/maisonvincent.ma\/wp-content\/uploads\/2025\/11\/cropped-Trio-icones\u2022-maison-vincent-480x480.webp 480w, https:\/\/maisonvincent.ma\/wp-content\/uploads\/2025\/11\/cropped-Trio-icones\u2022-maison-vincent-270x270.webp 270w, https:\/\/maisonvincent.ma\/wp-content\/uploads\/2025\/11\/cropped-Trio-icones\u2022-maison-vincent-192x192.webp 192w, https:\/\/maisonvincent.ma\/wp-content\/uploads\/2025\/11\/cropped-Trio-icones\u2022-maison-vincent-180x180.webp 180w, https:\/\/maisonvincent.ma\/wp-content\/uploads\/2025\/11\/cropped-Trio-icones\u2022-maison-vincent-32x32.webp 32w\" sizes=\"(max-width: 512px) 100vw, 512px\" class=\"wp-image-96\" \/><\/span><\/div>\n<\/div>\n<\/div>\n\n<div class=\"et_pb_row_2 et_pb_row et_flex_row\">\n<div class=\"et_pb_column_2 et_pb_column et_flex_column et_pb_css_mix_blend_mode_passthrough et_flex_column_12_24 et_flex_column_12_24_tablet et_flex_column_24_24_phone\">\n<div class=\"et_pb_text_1 et_pb_text et_pb_bg_layout_light et_pb_module et_block_module\"><div class=\"et_pb_text_inner\"><p>Marrakech, Casablanca, Essaouira, Rabat\u2026 partout au Maroc et ailleurs, <em>maison vincent<\/em> vous accompagne dans la <a href=\"https:\/\/maisonvincent.ma\/gestion-hoteliere\/\">gestion de vos \u00e9tablissements h\u00f4teliers<\/a>, vos <a href=\"https:\/\/maisonvincent.ma\/gestion-immobiliere\/\">biens immobiliers<\/a> et dans l\u2019<a href=\"https:\/\/maisonvincent.ma\/travel-and-co\/\">organisation de voyages<\/a> et d\u2019\u00e9v\u00e9nements sur-mesure. Notre \u00e9quipe met son expertise et son r\u00e9seau \u00e0 votre service pour optimiser la valeur de vos propri\u00e9t\u00e9s, offrir des exp\u00e9riences uniques \u00e0 vos clients et transformer vos projets en r\u00e9ussites durables.<\/p>\n<p><span style=\"color: #d36114;\"><strong>Vous avez un projet ? Parlons-en.<\/strong><\/span><\/p>\n<p>&nbsp;<\/p>\n<p class=\"mv\">maison vincent<\/p>\n<p>Maroc : +212 (0)688 974 974<br \/>\nFrance : +33 (0)1 85 09 97 38<br \/>\n<a href=\"mailto:contact@maisonvincent.ma\">contact@maisonvincent.ma<\/a><\/p>\n<\/div><\/div>\n<\/div>\n\n<div class=\"et_pb_column_3 et_pb_column et-last-child et_flex_column et_pb_css_mix_blend_mode_passthrough et_flex_column_12_24 et_flex_column_12_24_tablet et_flex_column_24_24_phone\">\n<div class=\"et_pb_text_2 et_pb_text et_pb_bg_layout_light et_pb_module et_flex_module\"><div class=\"et_pb_text_inner\"><p>Write to us<\/p>\n<\/div><\/div>\n\n<div class=\"et_pb_contact_form_0 et_pb_contact_form_container clearfix et_pb_recaptcha_enabled et_pb_module et_flex_module\" data-form_unique_num=\"0\" data-form_unique_id=\"3cd06e52-c2a4-4284-a5dd-3cc228eb7e22\" data-redirect_url=\"$variable({&quot;type&quot;:&quot;content&quot;,&quot;value&quot;:{&quot;name&quot;:&quot;post_link_url_page&quot;,&quot;settings&quot;:{&quot;post_id&quot;:&quot;validation-contact&quot;}&gt;$\" id=\"et_pb_contact_form_3cd06e52-c2a4-4284-a5dd-3cc228eb7e22\"><div class=\"et-pb-contact-message\"><\/div><div class=\"et_pb_contact\"><form class=\"et_pb_contact_form et_flex_module\" method=\"post\" action=\"https:\/\/maisonvincent.ma\/en\/wp-json\/wp\/v2\/pages\/598\">\n<div class=\"et_pb_contact_field_0 et_pb_contact_field et_pb_module et_flex_module et_flex_column_12_24 et_flex_column_12_24_tablet et_flex_column_12_24_phone\" data-id=\"prenom\" data-type=\"input\"><label class=\"et_pb_contact_form_label\">First Name<\/label><input type=\"text\" name=\"et_pb_contact_0_prenom_0\" id=\"et_pb_contact_0_prenom_0\" class=\"input\" data-required_mark=\"required\" data-field_type=\"input\" data-original_id=\"prenom\" placeholder=\"First Name\" title=\"\" value=\"\" \/><\/div>\n\n<div class=\"et_pb_contact_field_1 et_pb_contact_field et_pb_module et_flex_module et_flex_column_12_24 et_flex_column_12_24_tablet et_flex_column_12_24_phone\" data-id=\"nom\" data-type=\"input\"><label class=\"et_pb_contact_form_label\">Last Name<\/label><input type=\"text\" name=\"et_pb_contact_0_nom_1\" id=\"et_pb_contact_0_nom_1\" class=\"input\" data-required_mark=\"required\" data-field_type=\"input\" data-original_id=\"nom\" placeholder=\"Last Name\" title=\"\" value=\"\" \/><\/div>\n\n<div class=\"et_pb_contact_field_2 et_pb_contact_field et_pb_module et_flex_module et_flex_column_12_24 et_flex_column_12_24_tablet et_flex_column_12_24_phone\" data-id=\"email\" data-type=\"email\"><label class=\"et_pb_contact_form_label\">Email Address<\/label><input type=\"text\" name=\"et_pb_contact_0_email_2\" id=\"et_pb_contact_0_email_2\" class=\"input\" data-required_mark=\"required\" data-field_type=\"email\" data-original_id=\"email\" placeholder=\"Email Address\" title=\"\" value=\"\" \/><\/div>\n\n<div class=\"et_pb_contact_field_3 et_pb_contact_field et_pb_module et_flex_module et_flex_column_12_24 et_flex_column_12_24_tablet et_flex_column_12_24_phone\" data-id=\"telephone\" data-type=\"input\"><label class=\"et_pb_contact_form_label\">Phone<\/label><input type=\"text\" name=\"et_pb_contact_0_telephone_3\" id=\"et_pb_contact_0_telephone_3\" class=\"input\" data-required_mark=\"required\" data-field_type=\"input\" data-original_id=\"telephone\" placeholder=\"Phone\" title=\"\" value=\"\" \/><\/div>\n\n<div class=\"et_pb_contact_field_4 et_pb_contact_field et_pb_module et_flex_module et_flex_column_24_24 et_flex_column_24_24_tablet et_flex_column_24_24_phone\" data-id=\"service\" data-type=\"select\"><label class=\"et_pb_contact_form_label\">Service Concerned<\/label><select name=\"et_pb_contact_0_service_4\" id=\"et_pb_contact_0_service_4\" class=\"et_pb_contact_select input\" data-required_mark=\"required\" data-field_type=\"select\" data-original_id=\"service\"><option value=\"\">Service Concerned<\/option><option value=\"Travel&amp;Co\" data-id=\"\">Travel&amp;Co<\/option><option value=\"Gestion h\u00f4teli\u00e8re\" data-id=\"\">Gestion h\u00f4teli\u00e8re<\/option><option value=\"Gestion immobili\u00e8re\" data-id=\"\">Gestion immobili\u00e8re<\/option><\/select><\/div>\n\n<div class=\"et_pb_contact_field_5 et_pb_contact_field et_pb_module et_flex_module et_flex_column_24_24 et_flex_column_24_24_tablet et_flex_column_24_24_phone\" data-id=\"message\" data-type=\"text\"><label class=\"et_pb_contact_form_label\">Message<\/label><textarea name=\"et_pb_contact_0_message_5\" id=\"et_pb_contact_0_message_5\" class=\"et_pb_contact_message input\" data-required_mark=\"required\" data-field_type=\"text\" data-original_id=\"message\" placeholder=\"Message\"><\/textarea><\/div>\n<input type=\"hidden\" name=\"et_pb_contactform_submit_3cd06e52-c2a4-4284-a5dd-3cc228eb7e22\" value=\"et_contact_proccess\" \/><div class=\"et_contact_bottom_container\"><div class=\"et_pb_button_wrapper\"><button type=\"submit\" name=\"et_builder_submit_button\" class=\"et_pb_button et_pb_contact_submit\">Send<\/button><\/div><\/div><input type=\"hidden\" id=\"_wpnonce-et-pb-contact-form-submitted-3cd06e52-c2a4-4284-a5dd-3cc228eb7e22\" name=\"_wpnonce-et-pb-contact-form-submitted-3cd06e52-c2a4-4284-a5dd-3cc228eb7e22\" value=\"6b09ac610a\" \/><input type=\"hidden\" name=\"_wp_http_referer\" value=\"\/en\/wp-json\/wp\/v2\/pages\/598\" \/><\/form><\/div><\/div>\n<\/div>\n<\/div>\n<\/div>","protected":false},"excerpt":{"rendered":"","protected":false},"author":1,"featured_media":0,"parent":0,"menu_order":0,"comment_status":"closed","ping_status":"closed","template":"","meta":{"footnotes":""},"class_list":["post-598","page","type-page","status-publish","hentry"],"yoast_head":"<!-- This site is optimized with the Yoast SEO plugin v27.0 - https:\/\/yoast.com\/product\/yoast-seo-wordpress\/ -->\n<title>Contact l maison vincent<\/title>\n<meta name=\"description\" content=\"Have a project? Contact Maison Vincent, a hospitality and real estate management company in Morocco.\" \/>\n<meta name=\"robots\" content=\"index, follow, max-snippet:-1, max-image-preview:large, max-video-preview:-1\" \/>\n<link rel=\"canonical\" href=\"https:\/\/maisonvincent.ma\/en\/contact\/\" \/>\n<meta property=\"og:locale\" content=\"en_US\" \/>\n<meta property=\"og:type\" content=\"article\" \/>\n<meta property=\"og:title\" content=\"Contact l maison vincent\" \/>\n<meta property=\"og:description\" content=\"Have a project? Contact Maison Vincent, a hospitality and real estate management company in Morocco.\" \/>\n<meta property=\"og:url\" content=\"https:\/\/maisonvincent.ma\/en\/contact\/\" \/>\n<meta property=\"og:site_name\" content=\"Maison Vincent\" \/>\n<meta property=\"article:modified_time\" content=\"2026-02-24T15:43:45+00:00\" \/>\n<meta property=\"og:image\" content=\"https:\/\/maisonvincent.ma\/wp-content\/uploads\/2025\/12\/Maison-vincent-gestion-hotelier-immobiliere-et-travelco-vignette-re\u0301fe\u0301rencement.jpg\" \/>\n\t<meta property=\"og:image:width\" content=\"1200\" \/>\n\t<meta property=\"og:image:height\" content=\"675\" \/>\n\t<meta property=\"og:image:type\" content=\"image\/jpeg\" \/>\n<meta name=\"twitter:card\" content=\"summary_large_image\" \/>\n<script type=\"application\/ld+json\" class=\"yoast-schema-graph\">{\"@context\":\"https:\/\/schema.org\",\"@graph\":[{\"@type\":\"WebPage\",\"@id\":\"https:\/\/maisonvincent.ma\/en\/contact\/\",\"url\":\"https:\/\/maisonvincent.ma\/en\/contact\/\",\"name\":\"Contact l maison vincent\",\"isPartOf\":{\"@id\":\"https:\/\/maisonvincent.ma\/en\/#website\"},\"datePublished\":\"2025-11-17T15:48:20+00:00\",\"dateModified\":\"2026-02-24T15:43:45+00:00\",\"description\":\"Have a project? Contact Maison Vincent, a hospitality and real estate management company in Morocco.\",\"breadcrumb\":{\"@id\":\"https:\/\/maisonvincent.ma\/en\/contact\/#breadcrumb\"},\"inLanguage\":\"en-US\",\"potentialAction\":[{\"@type\":\"ReadAction\",\"target\":[\"https:\/\/maisonvincent.ma\/en\/contact\/\"]}]},{\"@type\":\"BreadcrumbList\",\"@id\":\"https:\/\/maisonvincent.ma\/en\/contact\/#breadcrumb\",\"itemListElement\":[{\"@type\":\"ListItem\",\"position\":1,\"name\":\"Home\",\"item\":\"https:\/\/maisonvincent.ma\/en\/\"},{\"@type\":\"ListItem\",\"position\":2,\"name\":\"Contact\"}]},{\"@type\":\"WebSite\",\"@id\":\"https:\/\/maisonvincent.ma\/en\/#website\",\"url\":\"https:\/\/maisonvincent.ma\/en\/\",\"name\":\"Maison Vincent\",\"description\":\"Hotel, Real Estate, and Travel Projects in Morocco\",\"publisher\":{\"@id\":\"https:\/\/maisonvincent.ma\/en\/#organization\"},\"alternateName\":\"MV\",\"potentialAction\":[{\"@type\":\"SearchAction\",\"target\":{\"@type\":\"EntryPoint\",\"urlTemplate\":\"https:\/\/maisonvincent.ma\/en\/?s={search_term_string}\"},\"query-input\":{\"@type\":\"PropertyValueSpecification\",\"valueRequired\":true,\"valueName\":\"search_term_string\"}}],\"inLanguage\":\"en-US\"},{\"@type\":\"Organization\",\"@id\":\"https:\/\/maisonvincent.ma\/en\/#organization\",\"name\":\"Maison Vincent\",\"alternateName\":\"MV\",\"url\":\"https:\/\/maisonvincent.ma\/en\/\",\"logo\":{\"@type\":\"ImageObject\",\"inLanguage\":\"en-US\",\"@id\":\"https:\/\/maisonvincent.ma\/en\/#\/schema\/logo\/image\/\",\"url\":\"https:\/\/maisonvincent.ma\/wp-content\/uploads\/2025\/12\/Logo-carre\u0301-maison-vincent-vignette-re\u0301fe\u0301rencement.jpg\",\"contentUrl\":\"https:\/\/maisonvincent.ma\/wp-content\/uploads\/2025\/12\/Logo-carre\u0301-maison-vincent-vignette-re\u0301fe\u0301rencement.jpg\",\"width\":696,\"height\":696,\"caption\":\"Maison Vincent\"},\"image\":{\"@id\":\"https:\/\/maisonvincent.ma\/en\/#\/schema\/logo\/image\/\"},\"sameAs\":[\"https:\/\/www.instagram.com\/maisonvincent.ma\/\",\"http:\/\/linkedin.com\/company\/\u2022-maison-vincent-\u2022\/\"]}]}<\/script>\n<!-- \/ Yoast SEO plugin. -->","yoast_head_json":{"title":"Contact l maison vincent","description":"Have a project? Contact Maison Vincent, a hospitality and real estate management company in Morocco.","robots":{"index":"index","follow":"follow","max-snippet":"max-snippet:-1","max-image-preview":"max-image-preview:large","max-video-preview":"max-video-preview:-1"},"canonical":"https:\/\/maisonvincent.ma\/en\/contact\/","og_locale":"en_US","og_type":"article","og_title":"Contact l maison vincent","og_description":"Have a project? Contact Maison Vincent, a hospitality and real estate management company in Morocco.","og_url":"https:\/\/maisonvincent.ma\/en\/contact\/","og_site_name":"Maison Vincent","article_modified_time":"2026-02-24T15:43:45+00:00","og_image":[{"width":1200,"height":675,"url":"https:\/\/maisonvincent.ma\/wp-content\/uploads\/2025\/12\/Maison-vincent-gestion-hotelier-immobiliere-et-travelco-vignette-re\u0301fe\u0301rencement.jpg","type":"image\/jpeg"}],"twitter_card":"summary_large_image","schema":{"@context":"https:\/\/schema.org","@graph":[{"@type":"WebPage","@id":"https:\/\/maisonvincent.ma\/en\/contact\/","url":"https:\/\/maisonvincent.ma\/en\/contact\/","name":"Contact l maison vincent","isPartOf":{"@id":"https:\/\/maisonvincent.ma\/en\/#website"},"datePublished":"2025-11-17T15:48:20+00:00","dateModified":"2026-02-24T15:43:45+00:00","description":"Have a project? Contact Maison Vincent, a hospitality and real estate management company in Morocco.","breadcrumb":{"@id":"https:\/\/maisonvincent.ma\/en\/contact\/#breadcrumb"},"inLanguage":"en-US","potentialAction":[{"@type":"ReadAction","target":["https:\/\/maisonvincent.ma\/en\/contact\/"]}]},{"@type":"BreadcrumbList","@id":"https:\/\/maisonvincent.ma\/en\/contact\/#breadcrumb","itemListElement":[{"@type":"ListItem","position":1,"name":"Home","item":"https:\/\/maisonvincent.ma\/en\/"},{"@type":"ListItem","position":2,"name":"Contact"}]},{"@type":"WebSite","@id":"https:\/\/maisonvincent.ma\/en\/#website","url":"https:\/\/maisonvincent.ma\/en\/","name":"Maison Vincent","description":"Hotel, Real Estate, and Travel Projects in Morocco","publisher":{"@id":"https:\/\/maisonvincent.ma\/en\/#organization"},"alternateName":"MV","potentialAction":[{"@type":"SearchAction","target":{"@type":"EntryPoint","urlTemplate":"https:\/\/maisonvincent.ma\/en\/?s={search_term_string}"},"query-input":{"@type":"PropertyValueSpecification","valueRequired":true,"valueName":"search_term_string"}}],"inLanguage":"en-US"},{"@type":"Organization","@id":"https:\/\/maisonvincent.ma\/en\/#organization","name":"Maison Vincent","alternateName":"MV","url":"https:\/\/maisonvincent.ma\/en\/","logo":{"@type":"ImageObject","inLanguage":"en-US","@id":"https:\/\/maisonvincent.ma\/en\/#\/schema\/logo\/image\/","url":"https:\/\/maisonvincent.ma\/wp-content\/uploads\/2025\/12\/Logo-carre\u0301-maison-vincent-vignette-re\u0301fe\u0301rencement.jpg","contentUrl":"https:\/\/maisonvincent.ma\/wp-content\/uploads\/2025\/12\/Logo-carre\u0301-maison-vincent-vignette-re\u0301fe\u0301rencement.jpg","width":696,"height":696,"caption":"Maison Vincent"},"image":{"@id":"https:\/\/maisonvincent.ma\/en\/#\/schema\/logo\/image\/"},"sameAs":["https:\/\/www.instagram.com\/maisonvincent.ma\/","http:\/\/linkedin.com\/company\/\u2022-maison-vincent-\u2022\/"]}]}},"_links":{"self":[{"href":"https:\/\/maisonvincent.ma\/en\/wp-json\/wp\/v2\/pages\/598","targetHints":{"allow":["GET"]}}],"collection":[{"href":"https:\/\/maisonvincent.ma\/en\/wp-json\/wp\/v2\/pages"}],"about":[{"href":"https:\/\/maisonvincent.ma\/en\/wp-json\/wp\/v2\/types\/page"}],"author":[{"embeddable":true,"href":"https:\/\/maisonvincent.ma\/en\/wp-json\/wp\/v2\/users\/1"}],"replies":[{"embeddable":true,"href":"https:\/\/maisonvincent.ma\/en\/wp-json\/wp\/v2\/comments?post=598"}],"version-history":[{"count":12,"href":"https:\/\/maisonvincent.ma\/en\/wp-json\/wp\/v2\/pages\/598\/revisions"}],"predecessor-version":[{"id":758,"href":"https:\/\/maisonvincent.ma\/en\/wp-json\/wp\/v2\/pages\/598\/revisions\/758"}],"wp:attachment":[{"href":"https:\/\/maisonvincent.ma\/en\/wp-json\/wp\/v2\/media?parent=598"}],"curies":[{"name":"wp","href":"https:\/\/api.w.org\/{rel}","templated":true}]}}